{"id":797,"date":"2023-08-15T11:28:17","date_gmt":"2023-08-15T14:28:17","guid":{"rendered":"https:\/\/www.adelco.com.br\/informacoes\/?page_id=797"},"modified":"2023-11-09T12:59:08","modified_gmt":"2023-11-09T15:59:08","slug":"fonte-para-ensaio-de-tensao-aplicada","status":"publish","type":"page","link":"https:\/\/www.adelco.com.br\/informacoes\/fonte-para-ensaio-de-tensao-aplicada\/","title":{"rendered":"Fonte para Ensaio de Tens\u00e3o Aplicada"},"content":{"rendered":"<style>\/*! elementor - v3.15.0 - 09-08-2023 *\/\n.elementor-heading-title{padding:0;margin:0;line-height:1}.elementor-widget-heading .elementor-heading-title[class*=elementor-size-]>a{color:inherit;font-size:inherit;line-height:inherit}.elementor-widget-heading .elementor-heading-title.elementor-size-small{font-size:15px}.elementor-widget-heading .elementor-heading-title.elementor-size-medium{font-size:19px}.elementor-widget-heading .elementor-heading-title.elementor-size-large{font-size:29px}.elementor-widget-heading .elementor-heading-title.elementor-size-xl{font-size:39px}.elementor-widget-heading .elementor-heading-title.elementor-size-xxl{font-size:59px}<\/style>\n<h1>Fonte para Ensaio de <br \/>Tens\u00e3o Aplicada<br \/>\n<\/h1>\n<style>\/*! elementor - v3.15.0 - 09-08-2023 *\/\n.elementor-widget-image{text-align:center}.elementor-widget-image a{display:inline-block}.elementor-widget-image a img[src$=\".svg\"]{width:48px}.elementor-widget-image img{vertical-align:middle;display:inline-block}<\/style>\n<figure>\n\t\t\t\t\t\t\t\t\t\t\t<a href=\"https:\/\/www.adelco.com.br\/informacoes\/wp-content\/uploads\/2023\/11\/fonte-para-ensaio-de-tensao-aplicada.webp\" data-elementor-open-lightbox=\"yes\" data-elementor-lightbox-title=\"fonte-para-ensaio-de-tensao-aplicada\" data-elementor-lightbox-description=\"fonte-para-ensaio-de-tensao-aplicada\" data-e-action-hash=\"#elementor-action%3Aaction%3Dlightbox%26settings%3DeyJpZCI6MTc3NCwidXJsIjoiaHR0cHM6XC9cL3d3dy5hZGVsY28uY29tLmJyXC9pbmZvcm1hY29lc1wvd3AtY29udGVudFwvdXBsb2Fkc1wvMjAyM1wvMTFcL2ZvbnRlLXBhcmEtZW5zYWlvLWRlLXRlbnNhby1hcGxpY2FkYS53ZWJwIn0%3D\"><br \/>\n\t\t\t\t\t\t\t<img decoding=\"async\" width=\"800\" height=\"709\" src=\"https:\/\/www.adelco.com.br\/informacoes\/wp-content\/uploads\/2023\/11\/fonte-para-ensaio-de-tensao-aplicada.webp\" alt=\"fonte-para-ensaio-de-tensao-aplicada\" loading=\"lazy\" srcset=\"https:\/\/i0.wp.com\/www.adelco.com.br\/informacoes\/wp-content\/uploads\/2023\/11\/fonte-para-ensaio-de-tensao-aplicada.webp?w=1024&amp;ssl=1 1024w, https:\/\/i0.wp.com\/www.adelco.com.br\/informacoes\/wp-content\/uploads\/2023\/11\/fonte-para-ensaio-de-tensao-aplicada.webp?resize=300%2C266&amp;ssl=1 300w, https:\/\/i0.wp.com\/www.adelco.com.br\/informacoes\/wp-content\/uploads\/2023\/11\/fonte-para-ensaio-de-tensao-aplicada.webp?resize=768%2C681&amp;ssl=1 768w\" sizes=\"auto, (max-width: 800px) 100vw, 800px\" \/>\t\t\t\t\t\t\t\t<\/a><figcaption>Fonte para Ensaio de<br \/>\nTens\u00e3o Aplicada<\/figcaption><\/figure>\n<figure>\n\t\t\t\t\t\t\t\t\t\t\t<a href=\"https:\/\/www.adelco.com.br\/informacoes\/wp-content\/uploads\/2023\/11\/fonte-para-ensaio-de-tensao-aplicada1.webp\" data-elementor-open-lightbox=\"yes\" data-elementor-lightbox-title=\"fonte-para-ensaio-de-tensao-aplicada1\" data-elementor-lightbox-description=\"fonte-para-ensaio-de-tensao-aplicada1\" data-e-action-hash=\"#elementor-action%3Aaction%3Dlightbox%26settings%3DeyJpZCI6MTc3NSwidXJsIjoiaHR0cHM6XC9cL3d3dy5hZGVsY28uY29tLmJyXC9pbmZvcm1hY29lc1wvd3AtY29udGVudFwvdXBsb2Fkc1wvMjAyM1wvMTFcL2ZvbnRlLXBhcmEtZW5zYWlvLWRlLXRlbnNhby1hcGxpY2FkYTEud2VicCJ9\"><br \/>\n\t\t\t\t\t\t\t<img decoding=\"async\" width=\"602\" height=\"321\" src=\"https:\/\/www.adelco.com.br\/informacoes\/wp-content\/uploads\/2023\/11\/fonte-para-ensaio-de-tensao-aplicada1.webp\" alt=\"fonte-para-ensaio-de-tensao-aplicada1\" loading=\"lazy\" srcset=\"https:\/\/i0.wp.com\/www.adelco.com.br\/informacoes\/wp-content\/uploads\/2023\/11\/fonte-para-ensaio-de-tensao-aplicada1.webp?w=602&amp;ssl=1 602w, https:\/\/i0.wp.com\/www.adelco.com.br\/informacoes\/wp-content\/uploads\/2023\/11\/fonte-para-ensaio-de-tensao-aplicada1.webp?resize=300%2C160&amp;ssl=1 300w\" sizes=\"auto, (max-width: 602px) 100vw, 602px\" \/>\t\t\t\t\t\t\t\t<\/a><figcaption>Fonte para Ensaio de<br \/>\nTens\u00e3o Aplicada<\/figcaption><\/figure>\n<figure>\n\t\t\t\t\t\t\t\t\t\t\t<a href=\"https:\/\/www.adelco.com.br\/informacoes\/wp-content\/uploads\/2023\/11\/fonte-para-ensaio-de-tensao-aplicada2.webp\" data-elementor-open-lightbox=\"yes\" data-elementor-lightbox-title=\"fonte-para-ensaio-de-tensao-aplicada2\" data-elementor-lightbox-description=\"fonte-para-ensaio-de-tensao-aplicada2\" data-e-action-hash=\"#elementor-action%3Aaction%3Dlightbox%26settings%3DeyJpZCI6MTc3NiwidXJsIjoiaHR0cHM6XC9cL3d3dy5hZGVsY28uY29tLmJyXC9pbmZvcm1hY29lc1wvd3AtY29udGVudFwvdXBsb2Fkc1wvMjAyM1wvMTFcL2ZvbnRlLXBhcmEtZW5zYWlvLWRlLXRlbnNhby1hcGxpY2FkYTIud2VicCJ9\"><br \/>\n\t\t\t\t\t\t\t<img decoding=\"async\" width=\"602\" height=\"531\" src=\"https:\/\/www.adelco.com.br\/informacoes\/wp-content\/uploads\/2023\/11\/fonte-para-ensaio-de-tensao-aplicada2.webp\" alt=\"fonte-para-ensaio-de-tensao-aplicada2\" loading=\"lazy\" srcset=\"https:\/\/i0.wp.com\/www.adelco.com.br\/informacoes\/wp-content\/uploads\/2023\/11\/fonte-para-ensaio-de-tensao-aplicada2.webp?w=602&amp;ssl=1 602w, https:\/\/i0.wp.com\/www.adelco.com.br\/informacoes\/wp-content\/uploads\/2023\/11\/fonte-para-ensaio-de-tensao-aplicada2.webp?resize=300%2C265&amp;ssl=1 300w\" sizes=\"auto, (max-width: 602px) 100vw, 602px\" \/>\t\t\t\t\t\t\t\t<\/a><figcaption>Fonte para Ensaio de<br \/>\nTens\u00e3o Aplicada<\/figcaption><\/figure>\n<figure>\n\t\t\t\t\t\t\t\t\t\t\t<a href=\"https:\/\/www.adelco.com.br\/informacoes\/wp-content\/uploads\/2023\/11\/fonte-para-ensaio-de-tensao-aplicada3.webp\" data-elementor-open-lightbox=\"yes\" data-elementor-lightbox-title=\"fonte-para-ensaio-de-tensao-aplicada3\" data-elementor-lightbox-description=\"fonte-para-ensaio-de-tensao-aplicada3\" data-e-action-hash=\"#elementor-action%3Aaction%3Dlightbox%26settings%3DeyJpZCI6MTc3NywidXJsIjoiaHR0cHM6XC9cL3d3dy5hZGVsY28uY29tLmJyXC9pbmZvcm1hY29lc1wvd3AtY29udGVudFwvdXBsb2Fkc1wvMjAyM1wvMTFcL2ZvbnRlLXBhcmEtZW5zYWlvLWRlLXRlbnNhby1hcGxpY2FkYTMud2VicCJ9\"><br \/>\n\t\t\t\t\t\t\t<img decoding=\"async\" width=\"602\" height=\"535\" src=\"https:\/\/www.adelco.com.br\/informacoes\/wp-content\/uploads\/2023\/11\/fonte-para-ensaio-de-tensao-aplicada3.webp\" alt=\"fonte-para-ensaio-de-tensao-aplicada3\" loading=\"lazy\" srcset=\"https:\/\/i0.wp.com\/www.adelco.com.br\/informacoes\/wp-content\/uploads\/2023\/11\/fonte-para-ensaio-de-tensao-aplicada3.webp?w=602&amp;ssl=1 602w, https:\/\/i0.wp.com\/www.adelco.com.br\/informacoes\/wp-content\/uploads\/2023\/11\/fonte-para-ensaio-de-tensao-aplicada3.webp?resize=300%2C267&amp;ssl=1 300w\" sizes=\"auto, (max-width: 602px) 100vw, 602px\" \/>\t\t\t\t\t\t\t\t<\/a><figcaption>Fonte para Ensaio de<br \/>\nTens\u00e3o Aplicada<\/figcaption><\/figure>\n<h2>Inova\u00e7\u00f5es em Fontes de Alta Tens\u00e3o: Alimenta\u00e7\u00e3o, Controle e Testes<\/h2>\n<h3>AD+PNAD: Solu\u00e7\u00f5es Precisas para Precipitadores e Filtros Eletrost\u00e1ticos<\/h3>\n<p>Com a crescente demanda por efici\u00eancia e precis\u00e3o na ind\u00fastria, o AD+PNAD se destaca como uma solu\u00e7\u00e3o l\u00edder para alimentar precipitadores e filtros eletrost\u00e1ticos.<br \/>\nCom capacidade que chega at\u00e9 180 kVcc \/ 3000 mA, a fonte de ALTA TENS\u00c3O em C.C. desenvolvida pela <strong>ADELCO<\/strong>, possui duas unidades essenciais: um painel de controle robusto, que garante uma medi\u00e7\u00e3o e sinaliza\u00e7\u00e3o precisas, e um gerador de AT altamente eficiente. A chave de aterramento, manual ou autom\u00e1tica, e a INTERFACE com sistemas avan\u00e7ados como o CLP, garantem um controle e monitoramento eficaz.<\/p>\n<h3>Controlador de Precipitadores Eletrost\u00e1ticos PRECIMATIC 4.0<\/h3>\n<p>Controlar precipitadores eletrost\u00e1ticos com precis\u00e3o \u00e9 vital. Com o PRECIMATIC 4.0, isso se torna uma tarefa f\u00e1cil. Utilizando t\u00e9cnicas digitais com um microcontrolador DSP de alta velocidade, ele fornece controles precisos que s\u00e3o essenciais para o funcionamento otimizado de precipitadores eletrost\u00e1ticos. A interface IHM intuitiva permite aos usu\u00e1rios n\u00e3o apenas monitorar, mas tamb\u00e9m personalizar conforme necess\u00e1rio, otimizando assim o processo.<\/p>\n<h3>Equipamentos HIPOT para Ensaios de Tens\u00e3o Aplicada<\/h3>\n<p>O HIPOT \u00e9 uma ferramenta crucial para garantir que os equipamentos atendam aos padr\u00f5es de qualidade e seguran\u00e7a. Com capacidade de at\u00e9 300 kV \/ 500 kVA, ele \u00e9 perfeitamente adequado para testar uma variedade de componentes, desde motores a capacitores. Seja em Fontes CA, Fontes CC ou Fontes Duplas, o HIPOT \u00e9 adapt\u00e1vel \u00e0s necessidades espec\u00edficas de teste.<\/p>\n<h3>Conclus\u00e3o<\/h3>\n<p>Quando se trata de fontes de alta tens\u00e3o, controle de precipitadores e testes de tens\u00e3o, a <strong>ADELCO<\/strong> permanece na vanguarda, fornecendo solu\u00e7\u00f5es robustas e eficientes para as demandas da ind\u00fastria moderna. Escolher nossos produtos \u00e9 garantir a inova\u00e7\u00e3o e precis\u00e3o em todas as etapas do processo.<br \/>\n\t\t\t<a href=\"https:\/\/www.adelco.com.br\/pt_br\/fale-conosco\/\"><br \/>\n\t\t\t\t\t\tFa\u00e7a um or\u00e7amento com a ADELCO<br \/>\n\t\t\t\t\t<\/a><\/p>\n<style type=\"text\/css\">\n  ul.tab {\n  list-style-type: none;\n  margin: 0;\n  padding: 0;\n  overflow: hidden;\n  border: 1px solid #f1f2f2;\n  background-color: #f1f2f2;\n  clear: both;\n}\nul.tab li {\n  float: left;\n           margin-bottom: 0;\nlist-style: none;\n}\nul.tab li a {\n  display: inline-block;\n  color: #029648;\n  text-align: center;\n  padding: 14px 16px;\n  text-decoration: none;\n  transition: 0.3s;\n  font-size: 14px;\n  cursor: pointer;\n}\nul.tab li a:hover {\n  background-color: #a9b7c1; color: #fff;\n}\nul.tab li a:focus, .active {\n  background-color: #a9b7c1; color: #fff;\n}\n.tabcontent {\n  display: none;\n  padding: 6px 12px;\n  border: 1px solid #f1f2f2;\n  border-top: none;\n  overflow: hidden;\n}\n.tabcontent li {\n  float: left;\n  width: 210px;\n  list-style: none;\n}\n.tabcontent ul li {\n    list-style: none;\n}\n<\/style>\n<h3 style=\"margin: 15px 0;font-size: 17px;font-weight: bold;color:#029648;\">Regi\u00f5es onde a ADELCO atende na Grande S\u00e3o Paulo:<\/h3>\n<ul>\n<li><a onClick=\"openCity(event, 'central')\">Regi\u00e3o Central<\/a><\/li>\n<li><a onClick=\"openCity(event, 'zonanorte')\">Zona Norte<\/a><\/li>\n<li><a onClick=\"openCity(event, 'zonaoeste')\">Zona Oeste<\/a><\/li>\n<li><a onClick=\"openCity(event, 'zonasul')\">Zona Sul<\/a><\/li>\n<li><a onClick=\"openCity(event, 'zonaleste')\">Zona Leste<\/a><\/li>\n<li><a onClick=\"openCity(event, 'gradesp')\">Grande S\u00e3o Paulo<\/a><\/li>\n<\/ul>\n<h3>Regi\u00e3o Central<\/h3>\n<ul>\n<li>Aclima\u00e7\u00e3o<\/li>\n<li>Bela Vista<\/li>\n<li>Bom Retiro<\/li>\n<li>Br\u00e1s<\/li>\n<li>Cambuci<\/li>\n<li>Centro<\/li>\n<li>Consola\u00e7\u00e3o<\/li>\n<li>Higien\u00f3polis<\/li>\n<li>Glic\u00e9rio<\/li>\n<li>Liberdade<\/li>\n<li>Luz<\/li>\n<li>Pari<\/li>\n<li>Rep\u00fablica<\/li>\n<li>Santa Cec\u00edlia<\/li>\n<li>Santa Efig\u00eania<\/li>\n<li>S\u00e9<\/li>\n<li>Vila Buarque<\/li>\n<\/ul>\n<h3>Zona Norte<\/h3>\n<ul>\n<li>Brasil\u00e2ndia<\/li>\n<li>Cachoeirinha<\/li>\n<li>Casa Verde<\/li>\n<li>Imirim<\/li>\n<li>Ja\u00e7an\u00e3<\/li>\n<li>Jardim S\u00e3o Paulo<\/li>\n<li>Lauzane Paulista<\/li>\n<li>Mandaqui<\/li>\n<li>Santana<\/li>\n<li>Trememb\u00e9<\/li>\n<li>Tucuruvi<\/li>\n<li>Vila Guilherme<\/li>\n<li>Vila Gustavo<\/li>\n<li>Vila Maria<\/li>\n<li>Vila Medeiros<\/li>\n<\/ul>\n<h3>Zona Oeste<\/h3>\n<ul>\n<li>\u00c1gua Branca<\/li>\n<li>Bairro do Lim\u00e3o<\/li>\n<li>Barra Funda<\/li>\n<li>Alto da Lapa<\/li>\n<li>Alto de Pinheiros<\/li>\n<li>Butant\u00e3<\/li>\n<li>Freguesia do \u00d3<\/li>\n<li>Jaguar\u00e9<\/li>\n<li>Jaragu\u00e1<\/li>\n<li>Jardim Bonfiglioli<\/li>\n<li>Lapa<\/li>\n<li>Pacaemb\u00fa<\/li>\n<li>Perdizes<\/li>\n<li>Per\u00fas<\/li>\n<li>Pinheiros<\/li>\n<li>Pirituba<\/li>\n<li>Raposo Tavares<\/li>\n<li>Rio Pequeno<\/li>\n<li>S\u00e3o Domingos<\/li>\n<li>Sumar\u00e9<\/li>\n<li>Vila Leopoldina<\/li>\n<li>Vila Sonia<\/li>\n<\/ul>\n<h3>Zona Sul<\/h3>\n<ul>\n<li>Aeroporto<\/li>\n<li>\u00c1gua Funda<\/li>\n<li>Brooklin<\/li>\n<li>Campo Belo<\/li>\n<li>Campo Grande<\/li>\n<li>Campo Limpo<\/li>\n<li>Cap\u00e3o Redondo<\/li>\n<li>Cidade Ademar<\/li>\n<li>Cidade Dutra<\/li>\n<li>Cidade Jardim<\/li>\n<li>Graja\u00fa<\/li>\n<li>Ibirapuera<\/li>\n<li>Interlagos<\/li>\n<li>Ipiranga<\/li>\n<li>Itaim Bibi<\/li>\n<li>Jabaquara<\/li>\n<li>Jardim \u00c2ngela<\/li>\n<li>Jardim Am\u00e9rica<\/li>\n<li>Jardim Europa<\/li>\n<li>Jardim Paulista<\/li>\n<li>Jardim Paulistano<\/li>\n<li>Jardim S\u00e3o Luiz<\/li>\n<li>Jardins<\/li>\n<li>Jockey Club<\/li>\n<li>M&#8217;Boi Mirim<\/li>\n<li>Moema<\/li>\n<li>Morumbi<\/li>\n<li>Parelheiros<\/li>\n<li>Pedreira<\/li>\n<li>Sacom\u00e3<\/li>\n<li>Santo Amaro<\/li>\n<li>Sa\u00fade<\/li>\n<li>Socorro<\/li>\n<li>Vila Andrade<\/li>\n<li>Vila Mariana<\/li>\n<\/ul>\n<h3>Zona Leste<\/h3>\n<ul>\n<li>\u00c1gua Rasa<\/li>\n<li>An\u00e1lia Franco<\/li>\n<li>Aricanduva<\/li>\n<li>Artur Alvim<\/li>\n<li>Bel\u00e9m<\/li>\n<li>Cidade Patriarca<\/li>\n<li>Cidade Tiradentes<\/li>\n<li>Engenheiro Goulart<\/li>\n<li>Ermelino Matarazzo<\/li>\n<li>Guianazes<\/li>\n<li>Itaim Paulista<\/li>\n<li>Itaquera<\/li>\n<li>Jardim Iguatemi<\/li>\n<li>Jos\u00e9 Bonif\u00e1cio<\/li>\n<li>Mo\u00f3ca<\/li>\n<li>Parque do Carmo<\/li>\n<li>Parque S\u00e3o Lucas<\/li>\n<li>Parque S\u00e3o Rafael<\/li>\n<li>Penha<\/li>\n<li>Ponte Rasa<\/li>\n<li>S\u00e3o Mateus<\/li>\n<li>S\u00e3o Miguel Paulista<\/li>\n<li>Sapopemba<\/li>\n<li>Tatuap\u00e9<\/li>\n<li>Vila Carr\u00e3o<\/li>\n<li>Vila Curu\u00e7\u00e1<\/li>\n<li>Vila Esperan\u00e7a<\/li>\n<li>Vila Formosa<\/li>\n<li>Vila Matilde<\/li>\n<li>Vila Prudente<\/li>\n<\/ul>\n<h3>Grande S\u00e3o Paulo<\/h3>\n<ul>\n<li>S\u00e3o Caetano do sul<\/li>\n<li>S\u00e3o Bernardo do Campo<\/li>\n<li>Santo Andr\u00e9<\/li>\n<li>Diadema<\/li>\n<li>Guarulhos<\/li>\n<li>Suzano<\/li>\n<li>Ribeir\u00e3o Pires<\/li>\n<li>Mau\u00e1<\/li>\n<li>Embu<\/li>\n<li>Embu Gua\u00e7\u00fa<\/li>\n<li>Embu das Artes<\/li>\n<li>Itapecerica da Serra<\/li>\n<li>Osasco<\/li>\n<li>Barueri<\/li>\n<li>Jandira<\/li>\n<li>Cotia<\/li>\n<li>Itapevi<\/li>\n<li>Santana de Parna\u00edba<\/li>\n<li>Caierias<\/li>\n<li>Franco da Rocha<\/li>\n<li>Tabo\u00e3o da Serra<\/li>\n<li>Cajamar<\/li>\n<li>Aruj\u00e1<\/li>\n<li>Alphaville<\/li>\n<li>Mairipor\u00e3<\/li>\n<li>ABC<\/li>\n<li>ABCD<\/li>\n<\/ul>\n<h3 style=\"margin: 15px 0;font-size: 17px;font-weight: bold;color:#029648;\">Principais cidades e regi\u00f5es do Brasil onde a ADELCO atende:<\/h3>\n<ul>\n<li><a onClick=\"openCity(event, 'rj')\">RJ &#8211; Rio de Janeiro<\/a><\/li>\n<li><a onClick=\"openCity(event, 'mg')\">MG &#8211; Minas Gerais<\/a><\/li>\n<li><a onClick=\"openCity(event, 'es')\">ES &#8211; Esp\u00edrito Santo<\/a><\/li>\n<li><a onClick=\"openCity(event, 'splitoral')\">SP &#8211;  Litoral e Interior<\/a><\/li>\n<li><a onClick=\"openCity(event, 'pr')\">PR &#8211; Paran\u00e1<\/a><\/li>\n<li><a onClick=\"openCity(event, 'sc')\">SC &#8211; Santa Catarina<\/a><\/li>\n<li><a onClick=\"openCity(event, 'rs')\">RS &#8211; Rio Grande do Sul<\/a><\/li>\n<li><a onClick=\"openCity(event, 'pe')\">PE &#8211; Pernambuco<\/a><\/li>\n<li><a onClick=\"openCity(event, 'ba')\">BA &#8211; Bahia<\/a><\/li>\n<li><a onClick=\"openCity(event, 'ce')\">CE &#8211; Cear\u00e1<\/a><\/li>\n<li><a onClick=\"openCity(event, 'go')\">Goi\u00e1s e Distrito Federal<\/a><\/li>\n<li><a onClick=\"openCity(event, 'am')\">AM &#8211; Amazonas<\/a><\/li>\n<li><a onClick=\"openCity(event, 'pa')\">PA &#8211; Par\u00e1<\/a><\/li>\n<\/ul>\n<h3>Rio de Janeiro<\/h3>\n<ul>\n<li>Rio de Janeiro\u00a0<\/li>\n<li>S\u00e3o Gon\u00e7alo<\/li>\n<li>Duque de Caxias<\/li>\n<li>Nova Igua\u00e7u<\/li>\n<li>Niter\u00f3i<\/li>\n<li>Belford Roxo<\/li>\n<li>S\u00e3o Jo\u00e3o de Meriti<\/li>\n<li>Campos dos Goytacazes<\/li>\n<li>Petr\u00f3polis<\/li>\n<li>Volta Redonda<\/li>\n<li>Mag\u00e9<\/li>\n<li>Itabora\u00ed<\/li>\n<li>Mesquita<\/li>\n<li>Nova Friburgo<\/li>\n<li>Barra Mansa<\/li>\n<li>Maca\u00e9<\/li>\n<li>Cabo Frio<\/li>\n<li>Nil\u00f3polis<\/li>\n<li>Teres\u00f3polis<\/li>\n<li>Resende<\/li>\n<\/ul>\n<h3>Minas Gerais<\/h3>\n<ul>\n<li>Belo Horizonte<\/li>\n<li>Uberl\u00e2ndia<\/li>\n<li>Contagem<\/li>\n<li>Juiz de Fora<\/li>\n<li>Betim<\/li>\n<li>Montes Claros<\/li>\n<li>Ribeir\u00e3o das Neves<\/li>\n<li>Uberaba<\/li>\n<li>Governador Valadares<\/li>\n<li>Ipatinga<\/li>\n<li>Santa Luzia<\/li>\n<li>Sete Lagoas<\/li>\n<li>Divin\u00f3polis<\/li>\n<li>Ibirit\u00e9<\/li>\n<li>Po\u00e7os de Caldas<\/li>\n<li>Patos de Minas<\/li>\n<li>Te\u00f3filo Otoni<\/li>\n<li>Sabar\u00e1<\/li>\n<li>Pouso Alegre<\/li>\n<li>Barbacena<\/li>\n<li>Varginha<\/li>\n<li>Conselheiro Lafeiete<\/li>\n<li>Araguari<\/li>\n<li>Itabira<\/li>\n<li>Passos<\/li>\n<\/ul>\n<h3>Esp\u00edrito Santo<\/h3>\n<ul>\n<li>Serra<\/li>\n<li>Vila Velha<\/li>\n<li>Cariacica<\/li>\n<li>Vit\u00f3ria<\/li>\n<li>Cachoeiro de Itapemirim<\/li>\n<li>Linhares<\/li>\n<li>S\u00e3o Mateus<\/li>\n<li>Colatina<\/li>\n<li>Guarapari<\/li>\n<li>Aracruz<\/li>\n<li>Viana<\/li>\n<li>Nova Ven\u00e9cia<\/li>\n<li>Barra de S\u00e3o Francisco<\/li>\n<li>Santa Maria de Jetib\u00e1<\/li>\n<li>Castelo<\/li>\n<li>Marata\u00edzes<\/li>\n<li>S\u00e3o Gabriel da Palha<\/li>\n<li>Domingos Martins<\/li>\n<li>Itapemirim<\/li>\n<li>Afonso Cl\u00e1udio<\/li>\n<li>Alegre<\/li>\n<li>Baixo Guandu<\/li>\n<li>Concei\u00e7\u00e3o da Barra<\/li>\n<li>Gua\u00e7u\u00ed<\/li>\n<li>I\u00fana<\/li>\n<li>Jaguar\u00e9<\/li>\n<li>Mimoso do Sul<\/li>\n<li>Sooretama<\/li>\n<li>Anchieta<\/li>\n<li>Pinheiros<\/li>\n<li>Pedro Can\u00e1rio<\/li>\n<\/ul>\n<h3>SP &#8211;  Litoral e Interior<\/h3>\n<ul>\n<li>Bertioga<\/li>\n<li>Caraguatatuba<\/li>\n<li>Cubat\u00e3o<\/li>\n<li>Guaruj\u00e1<\/li>\n<li>Ilhabela<\/li>\n<li>Itanha\u00e9m<\/li>\n<li>Mongagu\u00e1<\/li>\n<li>Riviera de S\u00e3o Louren\u00e7o<\/li>\n<li>Santos<\/li>\n<li>S\u00e3o Vicente<\/li>\n<li>Praia Grande<\/li>\n<li>Ubatuba<\/li>\n<li>S\u00e3o Sebasti\u00e3o<\/li>\n<li>Peru\u00edbe<\/li>\n<li>S\u00e3o Jos\u00e9 dos campos<\/li>\n<li>Campinas<\/li>\n<li>Jundia\u00ed<\/li>\n<li>Sorocaba<\/li>\n<li>Indaiatuba\u00a0<\/li>\n<li>S\u00e3o Jos\u00e9 do Rio Preto\u00a0<\/li>\n<li>Itatiba\u00a0<\/li>\n<li>Amparo\u00a0<\/li>\n<li>Barueri\u00a0<\/li>\n<li>Ribeir\u00e3o Preto<\/li>\n<li>Mar\u00edlia\u00a0<\/li>\n<li>Louveira\u00a0<\/li>\n<li>Paul\u00ednia\u00a0<\/li>\n<li>Bauru\u00a0<\/li>\n<li>Valinhos\u00a0<\/li>\n<li>Bragan\u00e7a Paulista\u00a0<\/li>\n<li>Araraquara<\/li>\n<li>Americana<\/li>\n<li>Atibaia\u00a0<\/li>\n<li>Taubat\u00e9\u00a0<\/li>\n<li>Araras\u00a0<\/li>\n<li>S\u00e3o Carlos\u00a0<\/li>\n<li>Itupeva\u00a0<\/li>\n<li>Mendon\u00e7a\u00a0<\/li>\n<li>Itu\u00a0<\/li>\n<li>Vinhedo\u00a0<\/li>\n<li>Marapoama\u00a0<\/li>\n<li>Votuporanga\u00a0<\/li>\n<li>Hortol\u00e2ndia\u00a0<\/li>\n<li>Ara\u00e7atuba\u00a0<\/li>\n<li>Jaboticabal\u00a0<\/li>\n<li>Sert\u00e3ozinho<\/li>\n<\/ul>\n<h3>Paran\u00e1<\/h3>\n<ul>\n<li>Curitiba<\/li>\n<li>Londrina<\/li>\n<li>Maring\u00e1<\/li>\n<li>Ponta Grossa<\/li>\n<li>Cascavel<\/li>\n<li>S\u00e3o Jos\u00e9 dos Pinhais<\/li>\n<li>Foz do Igua\u00e7u<\/li>\n<li>Colombo<\/li>\n<li>Guarapuava<\/li>\n<li>Paranagu\u00e1<\/li>\n<li>Arauc\u00e1ria<\/li>\n<li>Toledo<\/li>\n<li>Apucarana<\/li>\n<li>Pinhais<\/li>\n<li>Campo Largo<\/li>\n<li>Almirante Tamandar\u00e9<\/li>\n<li>Umuarama<\/li>\n<li>Paranava\u00ed<\/li>\n<li>Piraquara<\/li>\n<li>Camb\u00e9<\/li>\n<li>Sarandi<\/li>\n<li>Fazenda Rio Grande<\/li>\n<li>Paranava\u00ed<\/li>\n<li>Francisco Beltr\u00e3o<\/li>\n<li>Pato Branco<\/li>\n<li>Cianorte<\/li>\n<li>Tel\u00eamaco Borba<\/li>\n<li>Castro<\/li>\n<li>Rol\u00e2ndia<\/li>\n<\/ul>\n<h3>Santa Catarina<\/h3>\n<ul>\n<li>Joinville<\/li>\n<li>Florian\u00f3polis<\/li>\n<li>Blumenau<\/li>\n<li>Itaja\u00ed<\/li>\n<li>S\u00e3o Jos\u00e9<\/li>\n<li>Chapec\u00f3<\/li>\n<li>Crici\u00fama<\/li>\n<li>Jaragu\u00e1 do sul<\/li>\n<li>Lages<\/li>\n<li>Palho\u00e7a<\/li>\n<li>Balne\u00e1rio Cambori\u00fa<\/li>\n<li>Brusque<\/li>\n<li>Tubar\u00e3o<\/li>\n<li>S\u00e3o Bento do Sul<\/li>\n<li>Ca\u00e7ador<\/li>\n<li>Conc\u00f3rdia<\/li>\n<li>Cambori\u00fa<\/li>\n<li>Navegantes<\/li>\n<li>Rio do Sul<\/li>\n<li>Ararangu\u00e1<\/li>\n<li>Gaspar<\/li>\n<li>Bigua\u00e7u<\/li>\n<li>Indaial<\/li>\n<li>Mafra<\/li>\n<li>Canoinhas<\/li>\n<li>Itapema<\/li>\n<\/ul>\n<h3>Rio Grande do Sul<\/h3>\n<ul>\n<li>Porto Alegre<\/li>\n<li>Caxias do Sul<\/li>\n<li>Pelotas<\/li>\n<li>Canoas<\/li>\n<li>Santa Maria<\/li>\n<li>Gravata\u00ed<\/li>\n<li>Viam\u00e3o<\/li>\n<li>Novo Hamburgo<\/li>\n<li>S\u00e3o Leopoldo<\/li>\n<li>Rio Grande<\/li>\n<li>Alvorada<\/li>\n<li>Passo Fundo<\/li>\n<li>Sapucaia do Sul<\/li>\n<li>Uruguaiana<\/li>\n<li>Santa Cruz do Sul<\/li>\n<li>Cachoeirinha<\/li>\n<li>Bag\u00e9<\/li>\n<li>Bento Gon\u00e7alves<\/li>\n<li>Erechim<\/li>\n<li>Gua\u00edba<\/li>\n<li>Cachoeira do Sul<\/li>\n<li>Santana do Livramento<\/li>\n<li>Esteio<\/li>\n<li>Iju\u00ed<\/li>\n<li>Alegrete<\/li>\n<\/ul>\n<h3>Pernambuco<\/h3>\n<ul>\n<li>Recife<\/li>\n<li>Jaboat\u00e3o dos Guararapes<\/li>\n<li>Olinda<\/li>\n<li>Bandeira caruaru.jpg\u00a0Caruaru<\/li>\n<li>Petrolina<\/li>\n<li>Paulista<\/li>\n<li>Cabo de Santo Agostinho<\/li>\n<li>Camaragibe<\/li>\n<li>Garanhuns<\/li>\n<li>Vit\u00f3ria de Santo Ant\u00e3o<\/li>\n<li>Igarassu<\/li>\n<li>S\u00e3o Louren\u00e7o da Mata<\/li>\n<li>Abreu e Lima<\/li>\n<li>Santa Cruz do Capibaribe<\/li>\n<li>Ipojuca<\/li>\n<li>Serra Talhada<\/li>\n<li>Araripina<\/li>\n<li>Gravat\u00e1<\/li>\n<li>Carpina<\/li>\n<li>Goiana<\/li>\n<li>Belo Jardim<\/li>\n<li>Arcoverde<\/li>\n<li>Ouricuri<\/li>\n<li>Escada<\/li>\n<li>Pesqueira<\/li>\n<li>Surubim<\/li>\n<li>Palmares<\/li>\n<li>Bezerros<\/li>\n<\/ul>\n<h3>Bahia<\/h3>\n<ul>\n<li>Salvador<\/li>\n<li>Feira de Santana<\/li>\n<li>Vit\u00f3ria da Conquista<\/li>\n<li>Cama\u00e7ari<\/li>\n<li>Itabuna<\/li>\n<li>Juazeiro<\/li>\n<li>Lauro de Freitas<\/li>\n<li>Ilh\u00e9us<\/li>\n<li>Jequi\u00e9<\/li>\n<li>Teixeira de Freitas<\/li>\n<li>Alagoinhas<\/li>\n<li>Barreiras<\/li>\n<li>Porto Seguro<\/li>\n<li>Sim\u00f5es Filho<\/li>\n<li>Paulo Afonso<\/li>\n<li>Eun\u00e1polis<\/li>\n<li>Santo Ant\u00f4nio de Jesus<\/li>\n<li>Valen\u00e7a<\/li>\n<li>Candeias<\/li>\n<li>Guanambi<\/li>\n<li>Jacobina<\/li>\n<li>Serrinha<\/li>\n<li>Senhor do Bonfim<\/li>\n<li>Dias d&#8217;\u00c1vila<\/li>\n<li>Lu\u00eds Eduardo Magalh\u00e3es<\/li>\n<li>Itapetinga<\/li>\n<li>Irec\u00ea<\/li>\n<li>Campo Formoso<\/li>\n<li>Casa Nova<\/li>\n<li>Brumado<\/li>\n<li>Bom Jesus da Lapa<\/li>\n<li>Concei\u00e7\u00e3o do Coit\u00e9<\/li>\n<li>Itamaraju<\/li>\n<li>Itaberaba<\/li>\n<li>Cruz das Almas<\/li>\n<li>Ipir\u00e1<\/li>\n<li>Santo Amaro<\/li>\n<li>Euclides da Cunha<\/li>\n<\/ul>\n<h3>Cear\u00e1<\/h3>\n<ul>\n<li>Fortaleza<\/li>\n<li>caucacia<\/li>\n<li>Juazeiro do Norte<\/li>\n<li>Maracana\u00fa<\/li>\n<li>Sobral<\/li>\n<li>Crato<\/li>\n<li>Itapipoca<\/li>\n<li>Maranguape<\/li>\n<li>Iguatu<\/li>\n<li>Quixad\u00e1<\/li>\n<li>Canind\u00e9<\/li>\n<li>Pacajus<\/li>\n<li>Crate\u00fas<\/li>\n<li>Aquiraz<\/li>\n<li>Pacatuba<\/li>\n<li>Quixeramobim<\/li>\n<\/ul>\n<h3>Goi\u00e1s e Distrito Federal<\/h3>\n<ul>\n<li>Goi\u00e2nia<\/li>\n<li>Aparecida de Goi\u00e2nia<\/li>\n<li>An\u00e1polis<\/li>\n<li>Rio Verde<\/li>\n<li>Luzi\u00e2nia<\/li>\n<li>\u00c1guas Lindas de Goi\u00e1s<\/li>\n<li>Valpara\u00edso de Goi\u00e1s<\/li>\n<li>Trindade<\/li>\n<li>Formosa<\/li>\n<li>Novo Gama<\/li>\n<li>Itumbiara<\/li>\n<li>Senador Canedo<\/li>\n<li>Catal\u00e3o<\/li>\n<li>Jata\u00ed<\/li>\n<li>Planaltina<\/li>\n<li>Caldas Novas<\/li>\n<\/ul>\n<h3>Amazonas<\/h3>\n<ul>\n<li>Manaus<\/li>\n<li>Parintins<\/li>\n<li>Itacoatiara<\/li>\n<li>Manacapuru<\/li>\n<li>Coari<\/li>\n<li>Centro Amazonense<\/li>\n<\/ul>\n<h3>Par\u00e1<\/h3>\n<ul>\n<li>Bel\u00e9m<\/li>\n<li>Ananindeua<\/li>\n<li>Santar\u00e9m<\/li>\n<li>Marab\u00e1<\/li>\n<li>Castanhal<\/li>\n<li>Parauapebas<\/li>\n<li>Itaituba<\/li>\n<li>Camet\u00e1<\/li>\n<li>Bragan\u00e7a\u00a0<\/li>\n<li>Abaetetuba<\/li>\n<li>Bragan\u00e7a<\/li>\n<li>Marituba<\/li>\n<\/ul>\n","protected":false},"excerpt":{"rendered":"<p>Fonte para Ensaio de Tens\u00e3o Aplicada Fonte para Ensaio de Tens\u00e3o Aplicada Fonte para Ensaio de Tens\u00e3o Aplicada Fonte para Ensaio de Tens\u00e3o Aplicada Fonte para Ensaio de Tens\u00e3o Aplicada Inova\u00e7\u00f5es em Fontes de Alta Tens\u00e3o: Alimenta\u00e7\u00e3o, Controle e Testes AD+PNAD: Solu\u00e7\u00f5es Precisas para Precipitadores e Filtros Eletrost\u00e1ticos Com a crescente demanda por efici\u00eancia e [&hellip;]<\/p>\n","protected":false},"author":1,"featured_media":0,"parent":0,"menu_order":0,"comment_status":"closed","ping_status":"closed","template":"","meta":{"footnotes":""},"class_list":["post-797","page","type-page","status-publish","hentry"],"_links":{"self":[{"href":"https:\/\/www.adelco.com.br\/informacoes\/wp-json\/wp\/v2\/pages\/797","targetHints":{"allow":["GET"]}}],"collection":[{"href":"https:\/\/www.adelco.com.br\/informacoes\/wp-json\/wp\/v2\/pages"}],"about":[{"href":"https:\/\/www.adelco.com.br\/informacoes\/wp-json\/wp\/v2\/types\/page"}],"author":[{"embeddable":true,"href":"https:\/\/www.adelco.com.br\/informacoes\/wp-json\/wp\/v2\/users\/1"}],"replies":[{"embeddable":true,"href":"https:\/\/www.adelco.com.br\/informacoes\/wp-json\/wp\/v2\/comments?post=797"}],"version-history":[{"count":25,"href":"https:\/\/www.adelco.com.br\/informacoes\/wp-json\/wp\/v2\/pages\/797\/revisions"}],"predecessor-version":[{"id":2025,"href":"https:\/\/www.adelco.com.br\/informacoes\/wp-json\/wp\/v2\/pages\/797\/revisions\/2025"}],"wp:attachment":[{"href":"https:\/\/www.adelco.com.br\/informacoes\/wp-json\/wp\/v2\/media?parent=797"}],"curies":[{"name":"wp","href":"https:\/\/api.w.org\/{rel}","templated":true}]}}