{"id":145,"date":"2020-12-17T10:34:55","date_gmt":"2020-12-17T13:34:55","guid":{"rendered":"https:\/\/www.rudekwydra.com.br\/adelco\/?page_id=145"},"modified":"2023-10-20T10:33:45","modified_gmt":"2023-10-20T13:33:45","slug":"servicos-e-assistencia-tecnica","status":"publish","type":"page","link":"https:\/\/www.adelco.com.br\/pt_br\/servicos-e-assistencia-tecnica\/","title":{"rendered":"Servi\u00e7os e Assist\u00eancia T\u00e9cnica"},"content":{"rendered":"","protected":false},"excerpt":{"rendered":"","protected":false},"author":1,"featured_media":0,"parent":0,"menu_order":0,"comment_status":"closed","ping_status":"closed","template":"","meta":[],"_links":{"self":[{"href":"https:\/\/www.adelco.com.br\/pt_br\/wp-json\/wp\/v2\/pages\/145"}],"collection":[{"href":"https:\/\/www.adelco.com.br\/pt_br\/wp-json\/wp\/v2\/pages"}],"about":[{"href":"https:\/\/www.adelco.com.br\/pt_br\/wp-json\/wp\/v2\/types\/page"}],"author":[{"embeddable":true,"href":"https:\/\/www.adelco.com.br\/pt_br\/wp-json\/wp\/v2\/users\/1"}],"replies":[{"embeddable":true,"href":"https:\/\/www.adelco.com.br\/pt_br\/wp-json\/wp\/v2\/comments?post=145"}],"version-history":[{"count":2,"href":"https:\/\/www.adelco.com.br\/pt_br\/wp-json\/wp\/v2\/pages\/145\/revisions"}],"predecessor-version":[{"id":646,"href":"https:\/\/www.adelco.com.br\/pt_br\/wp-json\/wp\/v2\/pages\/145\/revisions\/646"}],"wp:attachment":[{"href":"https:\/\/www.adelco.com.br\/pt_br\/wp-json\/wp\/v2\/media?parent=145"}],"curies":[{"name":"wp","href":"https:\/\/api.w.org\/{rel}","templated":true}]}}